{"id":227,"date":"2022-06-19T15:20:53","date_gmt":"2022-06-19T15:20:53","guid":{"rendered":"https:\/\/aceitesdealcolea.es\/?page_id=227"},"modified":"2022-06-19T18:20:50","modified_gmt":"2022-06-19T18:20:50","slug":"politica-de-cookies","status":"publish","type":"page","link":"https:\/\/aceitesdealcolea.es\/index.php\/politica-de-cookies\/","title":{"rendered":"Politica de Cookies"},"content":{"rendered":"\n<h1 class=\"wp-block-heading\"><\/h1>\n\n\n\n<h2 class=\"wp-block-heading\">Definici\u00f3n de cookies<\/h2>\n\n\n\n<p>Las cookies son identificadores que enviamos al disco duro de su ordenador a trav\u00e9s de su navegador Web con el fin de que nuestros sistemas puedan reconocer su navegador y ofrecerle ciertos servicios,&nbsp;a continuaci\u00f3n se detallan las cookies utilizadas. <\/p>\n\n\n\n<h2 class=\"wp-block-heading\">Cookies utilizadas<\/h2>\n\n\n\n<figure class=\"wp-block-table\"><table><tbody><tr><td><strong>Cookie<\/strong><\/td><td><strong>Informacion <br>recogida<\/strong><\/td><td> <strong>Prop\u00f3sito<\/strong> <\/td><td> <strong>Per\u00edodo <\/strong><br><strong>de validez<\/strong> <\/td><td> <strong>Modo de <\/strong><br><strong>desactivarla<\/strong> <\/td><\/tr><tr><td><br><em>Cookies propias<\/em><br><\/td><td> Si est\u00e1 <br>logueado (s\u00ed\/no) <\/td><td> Evitar volver a <br>hacer login si <br>antes no ha <br>cerrado sesi\u00f3n. <\/td><td>Cookie  de<br>sesi\u00f3n<\/td><td>No se puede,<br> es necesaria para el funcionamiento de la web<\/td><\/tr><tr><td><br><\/td><td>Informaci\u00f3n binaria (s\u00ed\/no)<\/td><td> Saber si por <br>ejemplo el usuario<br> ha aceptado la advertencia de las cookies.  <\/td><td> 1 a\u00f1o<\/td><td> No se puede, es necesaria para el funcionamiento de la web  <\/td><\/tr><tr><td><br> Cookies de terceros <strong>Google Analytics<\/strong> <br><\/td><td> Informaci\u00f3n Anal\u00edtica de la visita, tiempo, secciones visitadas, clicks y sitios de procedencia. <\/td><td> Un an\u00e1lisis del comportamiento del usuario en la web y as\u00ed poder mejorar el servicio. <\/td><td> Cookies de sesi\u00f3n o 2 a\u00f1os m\u00e1x. <\/td><td><a rel=\"noreferrer noopener\" href=\"https:\/\/tools.google.com\/dlpage\/gaoptout?hl=es\" data-type=\"URL\" data-id=\"https:\/\/tools.google.com\/dlpage\/gaoptout?hl=es\" target=\"_blank\">Mas informacion<\/a><br><\/td><\/tr><tr><td><br> Cookies de terceros<br><strong>Facebook<\/strong>&nbsp; <br><\/td><td> Acceso a Facebook a trav\u00e9s de la p\u00e1gina <\/td><td> Sincronizaci\u00f3n <br>de la p\u00e1gina&nbsp;<br><a href=\"https:\/\/aceitedealcolea.es\" data-type=\"URL\" data-id=\"https:\/\/aceitedealcolea.es\">aceitesdealcolea.es <\/a>con la red social. <\/td><td><\/td><td><a href=\"http:\/\/es-es.facebook.com\/help\/cookies\/\" data-type=\"URL\" data-id=\"http:\/\/es-es.facebook.com\/help\/cookies\/\">Mas informacion<\/a><\/td><\/tr><\/tbody><\/table><\/figure>\n\n\n\n<h2 class=\"wp-block-heading\">C\u00f3mo deshabilitar las Cookies en los principales navegadores:<\/h2>\n\n\n\n<p>Normalmente es posible dejar de aceptar las Cookies del navegador, o dejar de aceptar las Cookies de un Servicio en particular.<\/p>\n\n\n\n<p>Todos los navegadores modernos permiten cambiar la configuraci\u00f3n de Cookies. Estos ajustes normalmente se encuentra en las \u2018opciones\u2019 o \u2018Preferencias\u2019 del men\u00fa de su navegador. Asimismo, puede configurar su navegador o su gestor de correo electr\u00f3nico.<\/p>\n\n\n\n<p>A continuaci\u00f3n se ofrece orientaci\u00f3n al Usuario sobre los pasos para acceder al men\u00fa de configuraci\u00f3n de las cookies y, en su caso, de la navegaci\u00f3n privada en cada uno de los navegadores principales:<\/p>\n\n\n\n<p><strong>Internet Explorer:<\/strong>&nbsp;Herramientas -&gt; Opciones de Internet&nbsp;-&gt; Privacidad&nbsp;-&gt; Configuraci\u00f3n. Para m\u00e1s informaci\u00f3n, puede consultar el&nbsp;<a href=\"http:\/\/windows.microsoft.com\/es-ES\/windows\/support\">soporte de Microsoft<\/a>&nbsp;o la Ayuda del navegador.<\/p>\n\n\n\n<p><strong>Firefox:<\/strong>&nbsp;Herramientas&nbsp;-&gt; Opciones&nbsp;-&gt; Privacidad&nbsp;-&gt; Historial&nbsp;-&gt; Configuraci\u00f3n Personalizada. Para m\u00e1s informaci\u00f3n, puede consultar el soporte de Mozilla o la Ayuda del navegador.<\/p>\n\n\n\n<p><strong>Chrome:<\/strong>&nbsp;Configuraci\u00f3n&nbsp;-&gt; Mostrar opciones avanzadas&nbsp;-&gt; Privacidad&nbsp;-&gt; Configuraci\u00f3n de contenido. Para m\u00e1s informaci\u00f3n, puede consultar el&nbsp;<a href=\"http:\/\/support.google.com\/chrome\/?hl=es\">soporte de Google<\/a>&nbsp;o la Ayuda del navegador.<\/p>\n\n\n\n<p><strong>Safari:<\/strong>&nbsp;Preferencias&nbsp;-&gt; Seguridad. Para m\u00e1s informaci\u00f3n, puede consultar el&nbsp;<a href=\"http:\/\/www.apple.com\/es\/support\/safari\/\">soporte de Apple<\/a>&nbsp;o la Ayuda del navegador.<\/p>\n\n\n\n<p><strong>\u00bfQu\u00e9 ocurre si se deshabilitan las Cookies?<\/strong><\/p>\n\n\n\n<p>Algunas funcionalidades de los Servicios quedar\u00e1n deshabilitados como, por ejemplo, permanecer&nbsp;identificado, mantener las compras en el \u201ccarrito de la compra\u201d, etc.<\/p>\n","protected":false},"excerpt":{"rendered":"<p>Definici\u00f3n de cookies Las cookies son identificadores que enviamos al disco duro de su ordenador a trav\u00e9s de su navegador Web con el fin de que nuestros sistemas puedan reconocer su navegador y ofrecerle ciertos servicios,&nbsp;a continuaci\u00f3n se detallan las cookies utilizadas. Cookies utilizadas Cookie Informacion recogida Prop\u00f3sito Per\u00edodo de validez Modo de desactivarla Cookies &hellip; <\/p>\n<p class=\"link-more\"><a href=\"https:\/\/aceitesdealcolea.es\/index.php\/politica-de-cookies\/\" class=\"more-link\">Continuar leyendo<span class=\"screen-reader-text\"> \u00abPolitica de Cookies\u00bb<\/span><\/a><\/p>\n","protected":false},"author":1,"featured_media":0,"parent":0,"menu_order":0,"comment_status":"closed","ping_status":"closed","template":"","meta":{"footnotes":""},"class_list":["post-227","page","type-page","status-publish","hentry"],"_links":{"self":[{"href":"https:\/\/aceitesdealcolea.es\/index.php\/wp-json\/wp\/v2\/pages\/227","targetHints":{"allow":["GET"]}}],"collection":[{"href":"https:\/\/aceitesdealcolea.es\/index.php\/wp-json\/wp\/v2\/pages"}],"about":[{"href":"https:\/\/aceitesdealcolea.es\/index.php\/wp-json\/wp\/v2\/types\/page"}],"author":[{"embeddable":true,"href":"https:\/\/aceitesdealcolea.es\/index.php\/wp-json\/wp\/v2\/users\/1"}],"replies":[{"embeddable":true,"href":"https:\/\/aceitesdealcolea.es\/index.php\/wp-json\/wp\/v2\/comments?post=227"}],"version-history":[{"count":3,"href":"https:\/\/aceitesdealcolea.es\/index.php\/wp-json\/wp\/v2\/pages\/227\/revisions"}],"predecessor-version":[{"id":231,"href":"https:\/\/aceitesdealcolea.es\/index.php\/wp-json\/wp\/v2\/pages\/227\/revisions\/231"}],"wp:attachment":[{"href":"https:\/\/aceitesdealcolea.es\/index.php\/wp-json\/wp\/v2\/media?parent=227"}],"curies":[{"name":"wp","href":"https:\/\/api.w.org\/{rel}","templated":true}]}}