{"id":220,"date":"2022-06-14T07:02:04","date_gmt":"2022-06-14T07:02:04","guid":{"rendered":"https:\/\/aceitesdealcolea.es\/?page_id=220"},"modified":"2022-06-14T07:03:26","modified_gmt":"2022-06-14T07:03:26","slug":"politica-de-privacidad","status":"publish","type":"page","link":"https:\/\/aceitesdealcolea.es\/index.php\/politica-de-privacidad\/","title":{"rendered":"Politica de privacidad"},"content":{"rendered":"\n<p><\/p>\n\n\n\n<p class=\"has-text-align-center\">Aceites de Alcolea S.Coop.A.<br>C\/ Carretera, 27<br>04480 Alcolea (Almeria) <br><a href=\"mailto:aceitesdealcolea@hotmail.com\">aceitesdealcolea@hotmail.com<\/a><br>950512236 &#8211; 664660194<br><br><a href=\"https:\/\/aceitesdealcolea.es\" data-type=\"URL\" data-id=\"www.aceitesdealcolea.es\">www.aceitesdealcolea.es<\/a><\/p>\n\n\n\n<p>Responsable: Identidad: ACEITES DE ALCOLEA S.COOP.AND &#8211; NIF: F-04354437\u00a0\u00a0Dir. postal: C\/CARRETERA,27\u00a0\u00a0\u00a0\u00a0\u00a0\u00a004480 ALCOLEA (ALMERIA) Tel\u00e9fono: 950512236\u00a0\u00a0\u00a0\u00a0\u00a0Correo elect:\u00a0<a rel=\"noreferrer noopener\" href=\"mailto:aceitesdealcolea@hotmail.com\" target=\"_blank\">aceitesdealcolea@hotmail.com<\/a><\/p>\n\n\n\n<p>\u201cEn nombre de la empresa tratamos la informaci\u00f3n que nos facilita con el fin de realizar pedido y facturar los servicios. Los datos proporcionados se conservar\u00e1n mientras se mantenga la relaci\u00f3n comercial o durante los a\u00f1os necesarios para cumplir con las obligaciones legales. Los datos no se ceder\u00e1n a terceros salvo en los casos en que exista una obligaci\u00f3n legal. Usted tiene derecho a obtener confirmaci\u00f3n sobre si en ACEITES DE ALCOLEA S.COOP.AND estamos tratando sus datos personales por tanto tiene derecho a acceder a sus datos personales, rectificar los datos inexactos o solicitar su supresi\u00f3n cuando los datos ya no sean necesarios.\u201d<\/p>\n","protected":false},"excerpt":{"rendered":"<p>Aceites de Alcolea S.Coop.A.C\/ Carretera, 2704480 Alcolea (Almeria) aceitesdealcolea@hotmail.com950512236 &#8211; 664660194 www.aceitesdealcolea.es Responsable: Identidad: ACEITES DE ALCOLEA S.COOP.AND &#8211; NIF: F-04354437\u00a0\u00a0Dir. postal: C\/CARRETERA,27\u00a0\u00a0\u00a0\u00a0\u00a0\u00a004480 ALCOLEA (ALMERIA) Tel\u00e9fono: 950512236\u00a0\u00a0\u00a0\u00a0\u00a0Correo elect:\u00a0aceitesdealcolea@hotmail.com \u201cEn nombre de la empresa tratamos la informaci\u00f3n que nos facilita con el fin de realizar pedido y facturar los servicios. Los datos proporcionados se conservar\u00e1n mientras &hellip; <\/p>\n<p class=\"link-more\"><a href=\"https:\/\/aceitesdealcolea.es\/index.php\/politica-de-privacidad\/\" class=\"more-link\">Continuar leyendo<span class=\"screen-reader-text\"> \u00abPolitica de privacidad\u00bb<\/span><\/a><\/p>\n","protected":false},"author":1,"featured_media":0,"parent":0,"menu_order":0,"comment_status":"closed","ping_status":"closed","template":"","meta":{"footnotes":""},"class_list":["post-220","page","type-page","status-publish","hentry"],"_links":{"self":[{"href":"https:\/\/aceitesdealcolea.es\/index.php\/wp-json\/wp\/v2\/pages\/220","targetHints":{"allow":["GET"]}}],"collection":[{"href":"https:\/\/aceitesdealcolea.es\/index.php\/wp-json\/wp\/v2\/pages"}],"about":[{"href":"https:\/\/aceitesdealcolea.es\/index.php\/wp-json\/wp\/v2\/types\/page"}],"author":[{"embeddable":true,"href":"https:\/\/aceitesdealcolea.es\/index.php\/wp-json\/wp\/v2\/users\/1"}],"replies":[{"embeddable":true,"href":"https:\/\/aceitesdealcolea.es\/index.php\/wp-json\/wp\/v2\/comments?post=220"}],"version-history":[{"count":2,"href":"https:\/\/aceitesdealcolea.es\/index.php\/wp-json\/wp\/v2\/pages\/220\/revisions"}],"predecessor-version":[{"id":223,"href":"https:\/\/aceitesdealcolea.es\/index.php\/wp-json\/wp\/v2\/pages\/220\/revisions\/223"}],"wp:attachment":[{"href":"https:\/\/aceitesdealcolea.es\/index.php\/wp-json\/wp\/v2\/media?parent=220"}],"curies":[{"name":"wp","href":"https:\/\/api.w.org\/{rel}","templated":true}]}}