{"id":19,"date":"2020-03-15T21:02:00","date_gmt":"2020-03-15T21:02:00","guid":{"rendered":"http:\/\/aceitesdealcolea.es\/?page_id=19"},"modified":"2024-03-23T15:56:08","modified_gmt":"2024-03-23T15:56:08","slug":"nuestraalpujarra","status":"publish","type":"page","link":"https:\/\/aceitesdealcolea.es\/index.php\/nuestraalpujarra\/","title":{"rendered":"Nuestra Almazara"},"content":{"rendered":"\n<p>Aceites de Alcolea es una almazara que inici\u00f3 su actividad en el a\u00f1o 2000  que con el paso de los a\u00f1os ha tenido una continua innovaci\u00f3n de sus instalaciones con maquinaria de \u00faltima generaci\u00f3n.<br><\/p>\n\n\n\n<p>ACEITES DE ALCOLEA S.COOP.AND. tiene concedida una ayuda de la JUNTA DE ANDALUCIA en colaboraci\u00f3n con GRUPO DE DESARROLLO RURAL: ALPUJARRA SIERRA NEVADA ALMERIENSE (AL 02) ZONA RURAL LEADER: ALPUJARRA SIERRA NEVADA, para el proyecto de MODERNIZACION DE ALMAZARA. Ayudas previstas en las estrategias de desarrollo local Leader en el marco de la submedida 19,2 del programa de Desarrollo Rural de Andaluc\u00eda 2014-2020. Convocatoria 2017<\/p>\n\n\n\n<p>ACEITES DE ALCOLEA S.COOP.AND. ha recibido una ayuda de la UNION EUROPEA con cargo al Programa Operativo FEDER de Andaluc\u00eda 2014-2020 financiada como parte de la respuesta de la Uni\u00f3n a la pandemia de COVID-19 (REACT-UE), para compensar el sobrecoste energ\u00e9tico de gas natural y\/o electricidad a pymes y aut\u00f3nomos especialmente afectados por el incremento de los precios del gas natural y la electricidad provocados por el impacto de la guerra de agresi\u00f3n de Rusia contra Ucrania.<\/p>\n\n\n\n<h3 class=\"wp-block-heading\"><\/h3>\n","protected":false},"excerpt":{"rendered":"<p>Aceites de Alcolea es una almazara que inici\u00f3 su actividad en el a\u00f1o 2000 que con el paso de los a\u00f1os ha tenido una continua innovaci\u00f3n de sus instalaciones con maquinaria de \u00faltima generaci\u00f3n. ACEITES DE ALCOLEA S.COOP.AND. tiene concedida una ayuda de la JUNTA DE ANDALUCIA en colaboraci\u00f3n con GRUPO DE DESARROLLO RURAL: ALPUJARRA &hellip; <\/p>\n<p class=\"link-more\"><a href=\"https:\/\/aceitesdealcolea.es\/index.php\/nuestraalpujarra\/\" class=\"more-link\">Continuar leyendo<span class=\"screen-reader-text\"> \u00abNuestra Almazara\u00bb<\/span><\/a><\/p>\n","protected":false},"author":1,"featured_media":58,"parent":0,"menu_order":0,"comment_status":"closed","ping_status":"closed","template":"","meta":{"footnotes":""},"class_list":["post-19","page","type-page","status-publish","has-post-thumbnail","hentry"],"_links":{"self":[{"href":"https:\/\/aceitesdealcolea.es\/index.php\/wp-json\/wp\/v2\/pages\/19","targetHints":{"allow":["GET"]}}],"collection":[{"href":"https:\/\/aceitesdealcolea.es\/index.php\/wp-json\/wp\/v2\/pages"}],"about":[{"href":"https:\/\/aceitesdealcolea.es\/index.php\/wp-json\/wp\/v2\/types\/page"}],"author":[{"embeddable":true,"href":"https:\/\/aceitesdealcolea.es\/index.php\/wp-json\/wp\/v2\/users\/1"}],"replies":[{"embeddable":true,"href":"https:\/\/aceitesdealcolea.es\/index.php\/wp-json\/wp\/v2\/comments?post=19"}],"version-history":[{"count":13,"href":"https:\/\/aceitesdealcolea.es\/index.php\/wp-json\/wp\/v2\/pages\/19\/revisions"}],"predecessor-version":[{"id":292,"href":"https:\/\/aceitesdealcolea.es\/index.php\/wp-json\/wp\/v2\/pages\/19\/revisions\/292"}],"wp:featuredmedia":[{"embeddable":true,"href":"https:\/\/aceitesdealcolea.es\/index.php\/wp-json\/wp\/v2\/media\/58"}],"wp:attachment":[{"href":"https:\/\/aceitesdealcolea.es\/index.php\/wp-json\/wp\/v2\/media?parent=19"}],"curies":[{"name":"wp","href":"https:\/\/api.w.org\/{rel}","templated":true}]}}