{"id":18,"date":"2020-03-15T21:02:00","date_gmt":"2020-03-15T21:02:00","guid":{"rendered":"http:\/\/aceitesdealcolea.es\/?page_id=18"},"modified":"2025-10-03T07:39:23","modified_gmt":"2025-10-03T07:39:23","slug":"home","status":"publish","type":"page","link":"https:\/\/aceitesdealcolea.es\/","title":{"rendered":"Aceites de Alcolea"},"content":{"rendered":"<p>El aceite de oliva virgen extra \u201cAceites de Alcolea\u201d se elabora en las mejores condiciones, procede \u00fanicamente de aceituna fresca y seleccionada, siempre del \u00e1rbol nunca del suelo. El proceso de molturaci\u00f3n de la aceituna se hace a baja temperatura y con los m\u00e1s modernos m\u00e9todos para la extracci\u00f3n del zumo de aceituna, s\u00f3lo mediante procedimientos mec\u00e1nicos. \u201cAceites de Alcolea\u201d es un aceite multivarietal, es decir procede de diferentes variedades de aceituna molturadas conjuntamente. Las variedades de aceituna utilizadas son principalmente lech\u00edn de Granada aunque puntualmente puede haber cierta cantidad de otras como&nbsp; marte\u00f1a, arbequina etc. No obstante toda la aceituna entrada tiene unas caracter\u00edsticas comunes puesto que procede de la misma zona, \u201cLAS ALPUJARRAS\u00bb.<\/p>\n","protected":false},"excerpt":{"rendered":"<p>El aceite de oliva virgen extra \u201cAceites de Alcolea\u201d se elabora en las mejores condiciones, procede \u00fanicamente de aceituna fresca y seleccionada, siempre del \u00e1rbol nunca del suelo. El proceso de molturaci\u00f3n de la aceituna se hace a baja temperatura y con los m\u00e1s modernos m\u00e9todos para la extracci\u00f3n del zumo de aceituna, s\u00f3lo mediante &hellip; <\/p>\n<p class=\"link-more\"><a href=\"https:\/\/aceitesdealcolea.es\/\" class=\"more-link\">Continuar leyendo<span class=\"screen-reader-text\"> \u00abAceites de Alcolea\u00bb<\/span><\/a><\/p>\n","protected":false},"author":1,"featured_media":0,"parent":0,"menu_order":0,"comment_status":"closed","ping_status":"closed","template":"","meta":{"footnotes":""},"class_list":["post-18","page","type-page","status-publish","hentry"],"_links":{"self":[{"href":"https:\/\/aceitesdealcolea.es\/index.php\/wp-json\/wp\/v2\/pages\/18","targetHints":{"allow":["GET"]}}],"collection":[{"href":"https:\/\/aceitesdealcolea.es\/index.php\/wp-json\/wp\/v2\/pages"}],"about":[{"href":"https:\/\/aceitesdealcolea.es\/index.php\/wp-json\/wp\/v2\/types\/page"}],"author":[{"embeddable":true,"href":"https:\/\/aceitesdealcolea.es\/index.php\/wp-json\/wp\/v2\/users\/1"}],"replies":[{"embeddable":true,"href":"https:\/\/aceitesdealcolea.es\/index.php\/wp-json\/wp\/v2\/comments?post=18"}],"version-history":[{"count":7,"href":"https:\/\/aceitesdealcolea.es\/index.php\/wp-json\/wp\/v2\/pages\/18\/revisions"}],"predecessor-version":[{"id":336,"href":"https:\/\/aceitesdealcolea.es\/index.php\/wp-json\/wp\/v2\/pages\/18\/revisions\/336"}],"wp:attachment":[{"href":"https:\/\/aceitesdealcolea.es\/index.php\/wp-json\/wp\/v2\/media?parent=18"}],"curies":[{"name":"wp","href":"https:\/\/api.w.org\/{rel}","templated":true}]}}