{"id":163,"date":"2020-11-14T17:11:37","date_gmt":"2020-11-14T17:11:37","guid":{"rendered":"http:\/\/aceitesdealcolea.es\/?page_id=163"},"modified":"2020-11-15T17:24:05","modified_gmt":"2020-11-15T17:24:05","slug":"dat-agricultor","status":"publish","type":"page","link":"https:\/\/aceitesdealcolea.es\/index.php\/dat-agricultor\/","title":{"rendered":"DAT Agricultor"},"content":{"rendered":"\n<p>Para asegurar la trazabilidad en la distribuci\u00f3n en los sectores agr\u00edcola y forestal que carezcan de gu\u00eda espec\u00edfica, se pone a disposici\u00f3n el Documento de Acompa\u00f1amiento al Transporte (DAT) que servir\u00e1 para acreditar el origen y destino del producto.<br>Este documento de acompa\u00f1amiento deber\u00e1 estar disponible y ser aportado en cualquier momento, a requerimiento de la autoridad, en el traslado de los productos sin trasformar desde las explotaciones hasta los lugares del almacenamiento o los destinos de comercializaci\u00f3n.<\/p>\n\n\n\n<p>GENERAR EL DOCUMENTO DAT<br> Rellenar el siguiente formulario, imprimir y presentar en el centro de recogida<br><a href=\"https:\/\/aceitesdealcolea.es\/wp-content\/uploads\/2020\/11\/Consejeria-de-Agricultura.pdf\"> FORMULARIO DAT SIMPLIFICADO<\/a><\/p>\n\n\n\n<p class=\"has-small-font-size\">\u00bfNo tienes pdf? <a href=\"https:\/\/get2.adobe.com\/es\/reader\/?cgen=QBWYPM5G&amp;mv=other\">Descargalo aqui<\/a><\/p>\n","protected":false},"excerpt":{"rendered":"<p>Para asegurar la trazabilidad en la distribuci\u00f3n en los sectores agr\u00edcola y forestal que carezcan de gu\u00eda espec\u00edfica, se pone a disposici\u00f3n el Documento de Acompa\u00f1amiento al Transporte (DAT) que servir\u00e1 para acreditar el origen y destino del producto.Este documento de acompa\u00f1amiento deber\u00e1 estar disponible y ser aportado en cualquier momento, a requerimiento de la &hellip; <\/p>\n<p class=\"link-more\"><a href=\"https:\/\/aceitesdealcolea.es\/index.php\/dat-agricultor\/\" class=\"more-link\">Continuar leyendo<span class=\"screen-reader-text\"> \u00abDAT Agricultor\u00bb<\/span><\/a><\/p>\n","protected":false},"author":1,"featured_media":170,"parent":0,"menu_order":0,"comment_status":"closed","ping_status":"closed","template":"","meta":{"footnotes":""},"class_list":["post-163","page","type-page","status-publish","has-post-thumbnail","hentry"],"_links":{"self":[{"href":"https:\/\/aceitesdealcolea.es\/index.php\/wp-json\/wp\/v2\/pages\/163","targetHints":{"allow":["GET"]}}],"collection":[{"href":"https:\/\/aceitesdealcolea.es\/index.php\/wp-json\/wp\/v2\/pages"}],"about":[{"href":"https:\/\/aceitesdealcolea.es\/index.php\/wp-json\/wp\/v2\/types\/page"}],"author":[{"embeddable":true,"href":"https:\/\/aceitesdealcolea.es\/index.php\/wp-json\/wp\/v2\/users\/1"}],"replies":[{"embeddable":true,"href":"https:\/\/aceitesdealcolea.es\/index.php\/wp-json\/wp\/v2\/comments?post=163"}],"version-history":[{"count":3,"href":"https:\/\/aceitesdealcolea.es\/index.php\/wp-json\/wp\/v2\/pages\/163\/revisions"}],"predecessor-version":[{"id":171,"href":"https:\/\/aceitesdealcolea.es\/index.php\/wp-json\/wp\/v2\/pages\/163\/revisions\/171"}],"wp:featuredmedia":[{"embeddable":true,"href":"https:\/\/aceitesdealcolea.es\/index.php\/wp-json\/wp\/v2\/media\/170"}],"wp:attachment":[{"href":"https:\/\/aceitesdealcolea.es\/index.php\/wp-json\/wp\/v2\/media?parent=163"}],"curies":[{"name":"wp","href":"https:\/\/api.w.org\/{rel}","templated":true}]}}